{"id":915,"date":"2024-04-11T10:44:47","date_gmt":"2024-04-11T08:44:47","guid":{"rendered":"https:\/\/test6.realsolution.at\/?page_id=915"},"modified":"2024-04-16T19:55:18","modified_gmt":"2024-04-16T17:55:18","slug":"datenschutz","status":"publish","type":"page","link":"https:\/\/hundeschule-steinbach.at\/index.php\/datenschutz\/","title":{"rendered":"Datenschutz"},"content":{"rendered":"\n<p>Datenschutzrichtlinie<br>Die Einhaltung der geltenden gesetzlichen Bestimmungen zum Schutz personenbezogener Daten ist f\u00fcr uns selbstverst\u00e4ndlich. Gem\u00e4\u00df Datenschutzgesetz sind personenbezogene Daten Informationen, die genutzt werden k\u00f6nnen, um die Identit\u00e4t von Web-Benutzern zu erfahren. Darunter fallen Informationen wie Name, Adresse, Postanschrift, Telefonnummer etc. S\u00e4mtliche Informationen, die nicht direkt mit der tats\u00e4chlichen Identit\u00e4t des Benutzers in Verbindung gebracht werden k\u00f6nnen fallen somit nicht darunter. Bei Bedarf und sofern Sie einen personalisierten, interaktiven bzw. Mail-Dienst auf unserer Website verwenden, erfassen wir von Ihnen pers\u00f6nliche Informationen. Wir verwenden diese personenbezogenen Daten nur innerhalb unseres Unternehmens. Diese Daten werden nicht an Dritte weitergegeben, es sei denn, dies ist zur Vertragserf\u00fcllung erforderlich oder wir werden gesetzlich dazu verpflichtet.<\/p>\n\n\n\n<p>Sie haben das Recht zu erfahren, welche personenbezogenen Daten gesammelt wurden. Unsere Dateninfostelle erreichen Sie unter der E-Mail Adresse office@hundeschule-steinbach.at.<\/p>\n\n\n\n<p>Auf Ihre schriftliche Anfrage werden wir Sie \u00fcber die zu Ihrer Person gespeicherten Daten informieren. Sie haben das Recht auf jederzeitigen Widerruf der Einwilligung zur Datenverarbeitung und -Verwendung Ihrer Daten mit Wirkung f\u00fcr die Zukunft. Auf Ihre schriftliche Anfrage werden wir unrichtige Daten richtig stellen bzw. umgehend und vollst\u00e4ndig l\u00f6schen.<\/p>\n\n\n\n<p>Wir greifen auf Drittanbieter zur\u00fcck, um Anzeigen zu schalten, wenn Sie unsere Website besuchen. Diese Unternehmen nutzen m\u00f6glicherweise Informationen zu Ihren Besuchen dieser und anderer Websites, jedoch nicht Ihren Namen, Ihre Adresse, E-Mail-Adresse oder Telefonnummer, zur Schaltung von Anzeigen zu Produkten und Diensten, die Sie m\u00f6glicherweise interessieren.<\/p>\n\n\n\n<p>Unsere Internetseiten verwenden an mehreren Stellen so genannte Cookies. Cookies sind kleine Textdateien, die auf Ihrem Rechner abgelegt werden und die Ihr Browser speichert. Sie dienen dazu, unser Angebot nutzerfreundlicher, effektiver und sicherer zu machen. Des Weiteren erm\u00f6glichen Cookies unseren Systemen, Ihren Browser zu erkennen und Ihnen personalisierte Services anzubieten.<\/p>\n\n\n\n<p>Diese Website benutzt Google Analytics, einen Webanalysedienst der Google Inc. Google Analytics verwendet sog. \u201eCookies\u201c, Textdateien, die auf Ihrem Computer gespeichert werden und die eine Analyse der Benutzung der Website durch Sie erm\u00f6glichen. Die durch den Cookie erzeugten Informationen \u00fcber Ihre Benutzung dieser Website (einschlie\u00dflich Ihrer IP-Adresse) wird an einen Server von Google in den USA \u00fcbertragen und dort gespeichert. Google wird diese Informationen benutzen, um Ihre Nutzung der Website auszuwerten, um Reports \u00fcber die Websiteaktivit\u00e4ten f\u00fcr die Websitebetreiber zusammenzustellen und um weitere mit der Websitenutzung und der Internetnutzung verbundene Dienstleistungen zu erbringen. Auch wird Google diese Informationen gegebenenfalls an Dritte \u00fcbertragen, sofern dies gesetzlich vorgeschrieben oder soweit Dritte diese Daten im Auftrag von Google verarbeiten. Google wird in keinem Fall Ihre IP-Adresse mit anderen Daten von Google in Verbindung bringen. Sie k\u00f6nnen die Installation der Cookies durch eine entsprechende Einstellung Ihrer Browser Software verhindern; wir weisen Sie jedoch darauf hin, dass Sie in diesem Fall gegebenenfalls nicht s\u00e4mtliche Funktionen dieser Website vollumf\u00e4nglich nutzen k\u00f6nnen. Durch die Nutzung dieser Website erkl\u00e4ren Sie sich mit der Bearbeitung der \u00fcber Sie erhobenen Daten durch Google in der zuvor beschriebenen Art und Weise und zu dem zuvor benannten Zweck einverstanden.<\/p>\n\n\n\n<p>Sie k\u00f6nnen die Installation der Cookies durch eine entsprechende Einstellung Ihrer Browser Software verhindern; wir weisen Sie jedoch darauf hin, dass Sie in diesem Fall gegebenenfalls nicht s\u00e4mtliche Funktionen dieser Website voll umf\u00e4nglich nutzen k\u00f6nnen. Durch die Nutzung dieser Website erkl\u00e4ren Sie sich mit der Bearbeitung der \u00fcber Sie erhobenen Daten durch Google in der zuvor beschriebenen Art und Weise und zu dem zuvor benannten Zweck einverstanden.<br>Auf dieser Seite Werbung durch Google Adsense angezeigt. Deshalb speichert Ihr Browser eventuell ein von Google Inc. oder Dritten gesendetes Cookie. Dieses Cookie kann durch Google Inc. oder Dritten ausgelesen werden. Um dieses Cookie zu l\u00f6schen oder die Cookiebehandlung generell zu ver\u00e4ndern, konsultieren Sie bitte die Hilfe Ihres Browsers. In der Regel finden sich diese Einstellungen unter Extras -&gt; Einstellungen Datenschutz (Firefox) oder unter Extras -&gt; Internetoptionen -&gt; Datenschutz (Internet Explorer).<\/p>\n\n\n\n<p>Auf unserer Website sind Programme (Plug-ins) des sozialen Netzwerks Facebook enthalten. Diese werden ausschlie\u00dflich von der Facebook Inc. betrieben. Die Plug-Ins sind im Rahmen unseres Internetauftritts durch das Facebook Logo oder den Zusatz \u201eGef\u00e4llt mir\u201d erkennbar. Beim Besuch einer Website unseres Internetauftritts, die ein derartiges Plug-in beinhaltet, stellt ihr Browser eine direkte Verbindung mit den Servern von Facebook her, wodurch der Inhalt des Plug-ins an Ihren Browser \u00fcbermittelt und von diesem in die dargestellte Website eingebunden wird. Dadurch wird die Information, dass Sie unsere Website besucht haben, an Facebook weitergeleitet. Sofern Sie w\u00e4hrend des Besuchs unserer Website \u00fcber Ihr pers\u00f6nliches Benutzerkonto bei Facebook eingeloggt sind, kann Facebook den Websitebesuch diesem Konto zuordnen. Durch Interaktion mit Plug-ins, z.B. durch anklicken des \u201eGef\u00e4llt mir\u201c-Buttons oder hinterlassen eines Kommentars werden diese entsprechenden Informationen direkt an Facebook \u00fcbermittelt und dort gespeichert. Wenn Sie eine solche Daten\u00fcbermittlung unterbinden m\u00f6chten, m\u00fcssen Sie sich vor dem Besuch unseres Internetauftritts unter Ihrem Facebook-Account ausloggen. Zweck und Umfang der Datenerhebung durch Facebook sowie die dortige weitere Verarbeitung und Nutzung Ihrer Daten wie auch Ihre diesbez\u00fcglichen Rechte und Einstellungen zum Schutz Ihrer Privatssph\u00e4re entnehmen Sie bitte den Datenschutzhinweisen von Facebook (http:\/\/de-de.facebook.com\/policy.php).<\/p>\n","protected":false},"excerpt":{"rendered":"<p>DatenschutzrichtlinieDie Einhaltung der geltenden gesetzlichen Bestimmungen zum Schutz personenbezogener Daten ist f\u00fcr uns selbstverst\u00e4ndlich. Gem\u00e4\u00df Datenschutzgesetz sind personenbezogene Daten Informationen, die genutzt werden k\u00f6nnen, um die Identit\u00e4t von Web-Benutzern zu erfahren. Darunter fallen Informationen wie Name, Adresse, Postanschrift, Telefonnummer etc. S\u00e4mtliche Informationen, die nicht direkt mit der tats\u00e4chlichen Identit\u00e4t des Benutzers in Verbindung gebracht werden [&hellip;]<\/p>\n","protected":false},"author":1,"featured_media":0,"parent":0,"menu_order":0,"comment_status":"closed","ping_status":"closed","template":"","meta":{"footnotes":""},"class_list":["post-915","page","type-page","status-publish","hentry"],"yoast_head":"<!-- This site is optimized with the Yoast SEO plugin v27.2 - https:\/\/yoast.com\/product\/yoast-seo-wordpress\/ -->\n<title>Datenschutz - \u00d6RV HSV STEINBACH<\/title>\n<meta name=\"robots\" content=\"index, follow, max-snippet:-1, max-image-preview:large, max-video-preview:-1\" \/>\n<link rel=\"canonical\" href=\"https:\/\/hundeschule-steinbach.at\/index.php\/datenschutz\/\" \/>\n<meta property=\"og:locale\" content=\"de_DE\" \/>\n<meta property=\"og:type\" content=\"article\" \/>\n<meta property=\"og:title\" content=\"Datenschutz - \u00d6RV HSV STEINBACH\" \/>\n<meta property=\"og:description\" content=\"DatenschutzrichtlinieDie Einhaltung der geltenden gesetzlichen Bestimmungen zum Schutz personenbezogener Daten ist f\u00fcr uns selbstverst\u00e4ndlich. Gem\u00e4\u00df Datenschutzgesetz sind personenbezogene Daten Informationen, die genutzt werden k\u00f6nnen, um die Identit\u00e4t von Web-Benutzern zu erfahren. Darunter fallen Informationen wie Name, Adresse, Postanschrift, Telefonnummer etc. S\u00e4mtliche Informationen, die nicht direkt mit der tats\u00e4chlichen Identit\u00e4t des Benutzers in Verbindung gebracht werden [&hellip;]\" \/>\n<meta property=\"og:url\" content=\"https:\/\/hundeschule-steinbach.at\/index.php\/datenschutz\/\" \/>\n<meta property=\"og:site_name\" content=\"\u00d6RV HSV STEINBACH\" \/>\n<meta property=\"article:modified_time\" content=\"2024-04-16T17:55:18+00:00\" \/>\n<meta name=\"twitter:card\" content=\"summary_large_image\" \/>\n<meta name=\"twitter:label1\" content=\"Gesch\u00e4tzte Lesezeit\" \/>\n\t<meta name=\"twitter:data1\" content=\"4 Minuten\" \/>\n<script type=\"application\/ld+json\" class=\"yoast-schema-graph\">{\"@context\":\"https:\/\/schema.org\",\"@graph\":[{\"@type\":\"WebPage\",\"@id\":\"https:\/\/hundeschule-steinbach.at\/index.php\/datenschutz\/\",\"url\":\"https:\/\/hundeschule-steinbach.at\/index.php\/datenschutz\/\",\"name\":\"Datenschutz - \u00d6RV HSV STEINBACH\",\"isPartOf\":{\"@id\":\"https:\/\/hundeschule-steinbach.at\/#website\"},\"datePublished\":\"2024-04-11T08:44:47+00:00\",\"dateModified\":\"2024-04-16T17:55:18+00:00\",\"breadcrumb\":{\"@id\":\"https:\/\/hundeschule-steinbach.at\/index.php\/datenschutz\/#breadcrumb\"},\"inLanguage\":\"de-AT\",\"potentialAction\":[{\"@type\":\"ReadAction\",\"target\":[\"https:\/\/hundeschule-steinbach.at\/index.php\/datenschutz\/\"]}]},{\"@type\":\"BreadcrumbList\",\"@id\":\"https:\/\/hundeschule-steinbach.at\/index.php\/datenschutz\/#breadcrumb\",\"itemListElement\":[{\"@type\":\"ListItem\",\"position\":1,\"name\":\"Home\",\"item\":\"https:\/\/hundeschule-steinbach.at\/\"},{\"@type\":\"ListItem\",\"position\":2,\"name\":\"Datenschutz\"}]},{\"@type\":\"WebSite\",\"@id\":\"https:\/\/hundeschule-steinbach.at\/#website\",\"url\":\"https:\/\/hundeschule-steinbach.at\/\",\"name\":\"\u00d6RV HSV STEINBACH\",\"description\":\"Hundeschule Steinbach - Wald4tler-Pfotenakademie\",\"publisher\":{\"@id\":\"https:\/\/hundeschule-steinbach.at\/#organization\"},\"potentialAction\":[{\"@type\":\"SearchAction\",\"target\":{\"@type\":\"EntryPoint\",\"urlTemplate\":\"https:\/\/hundeschule-steinbach.at\/?s={search_term_string}\"},\"query-input\":{\"@type\":\"PropertyValueSpecification\",\"valueRequired\":true,\"valueName\":\"search_term_string\"}}],\"inLanguage\":\"de-AT\"},{\"@type\":\"Organization\",\"@id\":\"https:\/\/hundeschule-steinbach.at\/#organization\",\"name\":\"\u00d6RV HSV STEINBACH\",\"url\":\"https:\/\/hundeschule-steinbach.at\/\",\"logo\":{\"@type\":\"ImageObject\",\"inLanguage\":\"de-AT\",\"@id\":\"https:\/\/hundeschule-steinbach.at\/#\/schema\/logo\/image\/\",\"url\":\"https:\/\/hundeschule-steinbach.at\/wp-content\/uploads\/2024\/04\/cropped-Logo_neu_entwurfV2_Vekt.png\",\"contentUrl\":\"https:\/\/hundeschule-steinbach.at\/wp-content\/uploads\/2024\/04\/cropped-Logo_neu_entwurfV2_Vekt.png\",\"width\":3041,\"height\":719,\"caption\":\"\u00d6RV HSV STEINBACH\"},\"image\":{\"@id\":\"https:\/\/hundeschule-steinbach.at\/#\/schema\/logo\/image\/\"}}]}<\/script>\n<!-- \/ Yoast SEO plugin. -->","yoast_head_json":{"title":"Datenschutz - \u00d6RV HSV STEINBACH","robots":{"index":"index","follow":"follow","max-snippet":"max-snippet:-1","max-image-preview":"max-image-preview:large","max-video-preview":"max-video-preview:-1"},"canonical":"https:\/\/hundeschule-steinbach.at\/index.php\/datenschutz\/","og_locale":"de_DE","og_type":"article","og_title":"Datenschutz - \u00d6RV HSV STEINBACH","og_description":"DatenschutzrichtlinieDie Einhaltung der geltenden gesetzlichen Bestimmungen zum Schutz personenbezogener Daten ist f\u00fcr uns selbstverst\u00e4ndlich. Gem\u00e4\u00df Datenschutzgesetz sind personenbezogene Daten Informationen, die genutzt werden k\u00f6nnen, um die Identit\u00e4t von Web-Benutzern zu erfahren. Darunter fallen Informationen wie Name, Adresse, Postanschrift, Telefonnummer etc. S\u00e4mtliche Informationen, die nicht direkt mit der tats\u00e4chlichen Identit\u00e4t des Benutzers in Verbindung gebracht werden [&hellip;]","og_url":"https:\/\/hundeschule-steinbach.at\/index.php\/datenschutz\/","og_site_name":"\u00d6RV HSV STEINBACH","article_modified_time":"2024-04-16T17:55:18+00:00","twitter_card":"summary_large_image","twitter_misc":{"Gesch\u00e4tzte Lesezeit":"4 Minuten"},"schema":{"@context":"https:\/\/schema.org","@graph":[{"@type":"WebPage","@id":"https:\/\/hundeschule-steinbach.at\/index.php\/datenschutz\/","url":"https:\/\/hundeschule-steinbach.at\/index.php\/datenschutz\/","name":"Datenschutz - \u00d6RV HSV STEINBACH","isPartOf":{"@id":"https:\/\/hundeschule-steinbach.at\/#website"},"datePublished":"2024-04-11T08:44:47+00:00","dateModified":"2024-04-16T17:55:18+00:00","breadcrumb":{"@id":"https:\/\/hundeschule-steinbach.at\/index.php\/datenschutz\/#breadcrumb"},"inLanguage":"de-AT","potentialAction":[{"@type":"ReadAction","target":["https:\/\/hundeschule-steinbach.at\/index.php\/datenschutz\/"]}]},{"@type":"BreadcrumbList","@id":"https:\/\/hundeschule-steinbach.at\/index.php\/datenschutz\/#breadcrumb","itemListElement":[{"@type":"ListItem","position":1,"name":"Home","item":"https:\/\/hundeschule-steinbach.at\/"},{"@type":"ListItem","position":2,"name":"Datenschutz"}]},{"@type":"WebSite","@id":"https:\/\/hundeschule-steinbach.at\/#website","url":"https:\/\/hundeschule-steinbach.at\/","name":"\u00d6RV HSV STEINBACH","description":"Hundeschule Steinbach - Wald4tler-Pfotenakademie","publisher":{"@id":"https:\/\/hundeschule-steinbach.at\/#organization"},"potentialAction":[{"@type":"SearchAction","target":{"@type":"EntryPoint","urlTemplate":"https:\/\/hundeschule-steinbach.at\/?s={search_term_string}"},"query-input":{"@type":"PropertyValueSpecification","valueRequired":true,"valueName":"search_term_string"}}],"inLanguage":"de-AT"},{"@type":"Organization","@id":"https:\/\/hundeschule-steinbach.at\/#organization","name":"\u00d6RV HSV STEINBACH","url":"https:\/\/hundeschule-steinbach.at\/","logo":{"@type":"ImageObject","inLanguage":"de-AT","@id":"https:\/\/hundeschule-steinbach.at\/#\/schema\/logo\/image\/","url":"https:\/\/hundeschule-steinbach.at\/wp-content\/uploads\/2024\/04\/cropped-Logo_neu_entwurfV2_Vekt.png","contentUrl":"https:\/\/hundeschule-steinbach.at\/wp-content\/uploads\/2024\/04\/cropped-Logo_neu_entwurfV2_Vekt.png","width":3041,"height":719,"caption":"\u00d6RV HSV STEINBACH"},"image":{"@id":"https:\/\/hundeschule-steinbach.at\/#\/schema\/logo\/image\/"}}]}},"_links":{"self":[{"href":"https:\/\/hundeschule-steinbach.at\/index.php\/wp-json\/wp\/v2\/pages\/915","targetHints":{"allow":["GET"]}}],"collection":[{"href":"https:\/\/hundeschule-steinbach.at\/index.php\/wp-json\/wp\/v2\/pages"}],"about":[{"href":"https:\/\/hundeschule-steinbach.at\/index.php\/wp-json\/wp\/v2\/types\/page"}],"author":[{"embeddable":true,"href":"https:\/\/hundeschule-steinbach.at\/index.php\/wp-json\/wp\/v2\/users\/1"}],"replies":[{"embeddable":true,"href":"https:\/\/hundeschule-steinbach.at\/index.php\/wp-json\/wp\/v2\/comments?post=915"}],"version-history":[{"count":2,"href":"https:\/\/hundeschule-steinbach.at\/index.php\/wp-json\/wp\/v2\/pages\/915\/revisions"}],"predecessor-version":[{"id":1195,"href":"https:\/\/hundeschule-steinbach.at\/index.php\/wp-json\/wp\/v2\/pages\/915\/revisions\/1195"}],"wp:attachment":[{"href":"https:\/\/hundeschule-steinbach.at\/index.php\/wp-json\/wp\/v2\/media?parent=915"}],"curies":[{"name":"wp","href":"https:\/\/api.w.org\/{rel}","templated":true}]}}