{"id":914,"date":"2024-04-11T10:44:47","date_gmt":"2024-04-11T08:44:47","guid":{"rendered":"https:\/\/test6.realsolution.at\/?page_id=914"},"modified":"2026-03-17T21:34:13","modified_gmt":"2026-03-17T20:34:13","slug":"impressum","status":"publish","type":"page","link":"https:\/\/hundeschule-steinbach.at\/index.php\/impressum\/","title":{"rendered":"Impressum"},"content":{"rendered":"\n<p class=\"has-text-align-center\">Vereinsname:  <br>\u00d6RV (\u00d6sterr. Rassehundeverein) Hundesportverein Steinbach<\/p>\n\n\n\n<p class=\"has-text-align-center\"><br>Standort: <br>Alter Sportplatz<br>3871 Steinbach<br>48\u00b049&#8217;22.6&#8243;N 15\u00b000&#8217;36.5&#8243;E<br><br>Gesch\u00e4ftsstelle:<br>Iris Bozek<br>Budweiser Stra\u00dfe 14<br>3943 Schrems<br>Vereinsgegenstand Hundesportverein<br>Kontaktdaten Tel.: 0665 \/ 672 10 442<br>E-Mail: office@hundeschule-steinbach.at<br>ZVR Zahl 1289789021<\/p>\n\n\n\n<p>Copyrights:<\/p>\n\n\n\n<p>Alle Rechte vorbehalten. Ausgewiesene Warenzeichen und Markennamen geh\u00f6ren ihren jeweiligen Eigent\u00fcmern. Sollten wir versehentlich gegen irgendwelche Copyrights versto\u00dfen haben, benachrichtigen Sie uns bitte umgehend per mail (office@hundeschule-steinbach.at)<\/p>\n\n\n\n<p>Template designed Appointment BlueVersion von webriti<\/p>\n\n\n\n<p>Haftungsausschlu\u00df f\u00fcr externe Informationen (Disclaimer):<br>Auf dieser Website befinden sich Links zu anderen Seiten im Internet. Wir betonen ausdr\u00fccklich, dass wir keinen Einfluss auf die Gestaltung und den Inhalt der Seiten haben, auf die verlinkt wird. Wir k\u00f6nnen daher auch keine Gew\u00e4hr f\u00fcr die Aktualit\u00e4t, Korrektheit, Vollst\u00e4ndigkeit oder Qualit\u00e4t der dort bereitgestellten Informationen \u00fcbernehmen. Deshalb distanzieren wir uns hiermit ausdr\u00fccklich von allen Inhalten dieser Seiten. Diese Erkl\u00e4rung gilt f\u00fcr alle auf diesen Seiten enthaltenen Links zu externen Seiten und allen Inhalten dieser Seiten, zu denen diese Links f\u00fchren.<\/p>\n\n\n\n<p>Datenschutzrichtlinie:<br>Die Einhaltung der geltenden gesetzlichen Bestimmungen zum Schutz personenbezogener Daten ist f\u00fcr uns selbstverst\u00e4ndlich. Gem\u00e4\u00df Datenschutzgesetz sind personenbezogene Daten Informationen, die genutzt werden k\u00f6nnen, um die Identit\u00e4t von Web-Benutzern zu erfahren. Darunter fallen Informationen wie Name, Adresse, Postanschrift, Telefonnummer etc. S\u00e4mtliche Informationen, die nicht direkt mit der tats\u00e4chlichen Identit\u00e4t des Benutzers in Verbindung gebracht werden k\u00f6nnen, fallen somit nicht darunter. Bei Bedarf und sofern Sie einen personalisierten, interaktiven bzw. Mail-Dienst auf unserer Website verwenden, erfassen wir von Ihnen pers\u00f6nliche Informationen. Wir verwenden diese personenbezogenen Daten nur innerhalb unseres Unternehmens. Diese Daten werden nicht an Dritte weitergegeben, es sei denn, dies ist zur Vertragserf\u00fcllung erforderlich oder wir werden gesetzlich dazu verpflichtet.<br>Sie haben das Recht zu erfahren, welche personenbezogenen Daten gesammelt wurden. Sie erreichen uns unter der E-Mail Adresse office@hundeschule-steinbach.at<br>Auf Ihre schriftliche Anfrage werden wir Sie \u00fcber die zu Ihrer Person gespeicherten Daten informieren. Sie haben das Recht auf jederzeitigen Widerruf der Einwilligung zur Datenverarbeitung und -verwendung Ihrer Daten mit Wirkung f\u00fcr die Zukunft. Auf Ihre schriftliche Anfrage werden wir unrichtige Daten richtig stellen bzw. umgehend und vollst\u00e4ndig l\u00f6schen.<br>Unsere Internetseiten verwenden an mehreren Stellen so genannte Cookies. Cookies sind kleine Textdateien, die auf Ihrem Rechner abgelegt werden und die Ihr Browser speichert. Sie dienen dazu, unser Angebot nutzerfreundlicher, effektiver und sicherer zu machen. Des Weiteren erm\u00f6glichen Cookies unseren Systemen, Ihren Browser zu erkennen und Ihnen personalisierte Services anzubieten.<br>Diese Website benutzt Google Analytics, einen Webanalysedienst der Google Inc. Google Analytics verwendet sog. \u201eCookies\u201c, Textdateien, die auf Ihrem Computer gespeichert werden und die eine Analyse der Benutzung der Website durch Sie erm\u00f6glichen. Die durch den Cookie erzeugten Informationen \u00fcber Ihre Benutzung dieser Website (einschlie\u00dflich Ihrer IP-Adresse) wird an einen Server von Google in den USA \u00fcbertragen und dort gespeichert. Google wird diese Informationen benutzen, um Ihre Nutzung der Website auszuwerten, um Reports \u00fcber die Websiteaktivit\u00e4ten f\u00fcr die Websitebetreiber zusammenzustellen und um weitere mit der Websitenutzung und der Internetnutzung verbundene Dienstleistungen zu erbringen. Auch wird Google diese Informationen gegebenenfalls an Dritte \u00fcbertragen, sofern dies gesetzlich vorgeschrieben ist oder soweit Dritte diese Daten im Auftrag von Google verarbeiten. Google wird in keinem Fall Ihre IP-Adresse mit anderen Daten von Google in Verbindung bringen. Sie k\u00f6nnen die Installation der Cookies durch eine entsprechende Einstellung Ihrer Browser-Software verhindern; wir weisen Sie jedoch darauf hin, dass Sie in diesem Fall gegebenenfalls nicht s\u00e4mtliche Funktionen dieser Website vollumf\u00e4nglich nutzen k\u00f6nnen. Durch die Nutzung dieser Website erkl\u00e4ren Sie sich mit der Bearbeitung der \u00fcber Sie erhobenen Daten durch Google in der zuvor beschriebenen Art und Weise und zu dem zuvor benannten Zweck einverstanden.<\/p>\n","protected":false},"excerpt":{"rendered":"<p>Vereinsname: \u00d6RV (\u00d6sterr. Rassehundeverein) Hundesportverein Steinbach Standort: Alter Sportplatz3871 Steinbach48\u00b049&#8217;22.6&#8243;N 15\u00b000&#8217;36.5&#8243;E Gesch\u00e4ftsstelle:Iris BozekBudweiser Stra\u00dfe 143943 SchremsVereinsgegenstand HundesportvereinKontaktdaten Tel.: 0665 \/ 672 10 442E-Mail: office@hundeschule-steinbach.atZVR Zahl 1289789021 Copyrights: Alle Rechte vorbehalten. Ausgewiesene Warenzeichen und Markennamen geh\u00f6ren ihren jeweiligen Eigent\u00fcmern. Sollten wir versehentlich gegen irgendwelche Copyrights versto\u00dfen haben, benachrichtigen Sie uns bitte umgehend per mail (office@hundeschule-steinbach.at) Template [&hellip;]<\/p>\n","protected":false},"author":1,"featured_media":0,"parent":0,"menu_order":0,"comment_status":"closed","ping_status":"closed","template":"","meta":{"footnotes":""},"class_list":["post-914","page","type-page","status-publish","hentry"],"yoast_head":"<!-- This site is optimized with the Yoast SEO plugin v27.2 - https:\/\/yoast.com\/product\/yoast-seo-wordpress\/ -->\n<title>Impressum - \u00d6RV HSV STEINBACH<\/title>\n<meta name=\"robots\" content=\"index, follow, max-snippet:-1, max-image-preview:large, max-video-preview:-1\" \/>\n<link rel=\"canonical\" href=\"https:\/\/hundeschule-steinbach.at\/index.php\/impressum\/\" \/>\n<meta property=\"og:locale\" content=\"de_DE\" \/>\n<meta property=\"og:type\" content=\"article\" \/>\n<meta property=\"og:title\" content=\"Impressum - \u00d6RV HSV STEINBACH\" \/>\n<meta property=\"og:description\" content=\"Vereinsname: \u00d6RV (\u00d6sterr. Rassehundeverein) Hundesportverein Steinbach Standort: Alter Sportplatz3871 Steinbach48\u00b049&#8217;22.6&#8243;N 15\u00b000&#8217;36.5&#8243;E Gesch\u00e4ftsstelle:Iris BozekBudweiser Stra\u00dfe 143943 SchremsVereinsgegenstand HundesportvereinKontaktdaten Tel.: 0665 \/ 672 10 442E-Mail: office@hundeschule-steinbach.atZVR Zahl 1289789021 Copyrights: Alle Rechte vorbehalten. Ausgewiesene Warenzeichen und Markennamen geh\u00f6ren ihren jeweiligen Eigent\u00fcmern. Sollten wir versehentlich gegen irgendwelche Copyrights versto\u00dfen haben, benachrichtigen Sie uns bitte umgehend per mail (office@hundeschule-steinbach.at) Template [&hellip;]\" \/>\n<meta property=\"og:url\" content=\"https:\/\/hundeschule-steinbach.at\/index.php\/impressum\/\" \/>\n<meta property=\"og:site_name\" content=\"\u00d6RV HSV STEINBACH\" \/>\n<meta property=\"article:modified_time\" content=\"2026-03-17T20:34:13+00:00\" \/>\n<meta name=\"twitter:card\" content=\"summary_large_image\" \/>\n<meta name=\"twitter:label1\" content=\"Gesch\u00e4tzte Lesezeit\" \/>\n\t<meta name=\"twitter:data1\" content=\"4 Minuten\" \/>\n<script type=\"application\/ld+json\" class=\"yoast-schema-graph\">{\"@context\":\"https:\/\/schema.org\",\"@graph\":[{\"@type\":\"WebPage\",\"@id\":\"https:\/\/hundeschule-steinbach.at\/index.php\/impressum\/\",\"url\":\"https:\/\/hundeschule-steinbach.at\/index.php\/impressum\/\",\"name\":\"Impressum - \u00d6RV HSV STEINBACH\",\"isPartOf\":{\"@id\":\"https:\/\/hundeschule-steinbach.at\/#website\"},\"datePublished\":\"2024-04-11T08:44:47+00:00\",\"dateModified\":\"2026-03-17T20:34:13+00:00\",\"breadcrumb\":{\"@id\":\"https:\/\/hundeschule-steinbach.at\/index.php\/impressum\/#breadcrumb\"},\"inLanguage\":\"de-AT\",\"potentialAction\":[{\"@type\":\"ReadAction\",\"target\":[\"https:\/\/hundeschule-steinbach.at\/index.php\/impressum\/\"]}]},{\"@type\":\"BreadcrumbList\",\"@id\":\"https:\/\/hundeschule-steinbach.at\/index.php\/impressum\/#breadcrumb\",\"itemListElement\":[{\"@type\":\"ListItem\",\"position\":1,\"name\":\"Home\",\"item\":\"https:\/\/hundeschule-steinbach.at\/\"},{\"@type\":\"ListItem\",\"position\":2,\"name\":\"Impressum\"}]},{\"@type\":\"WebSite\",\"@id\":\"https:\/\/hundeschule-steinbach.at\/#website\",\"url\":\"https:\/\/hundeschule-steinbach.at\/\",\"name\":\"\u00d6RV HSV STEINBACH\",\"description\":\"Hundeschule Steinbach - Wald4tler-Pfotenakademie\",\"publisher\":{\"@id\":\"https:\/\/hundeschule-steinbach.at\/#organization\"},\"potentialAction\":[{\"@type\":\"SearchAction\",\"target\":{\"@type\":\"EntryPoint\",\"urlTemplate\":\"https:\/\/hundeschule-steinbach.at\/?s={search_term_string}\"},\"query-input\":{\"@type\":\"PropertyValueSpecification\",\"valueRequired\":true,\"valueName\":\"search_term_string\"}}],\"inLanguage\":\"de-AT\"},{\"@type\":\"Organization\",\"@id\":\"https:\/\/hundeschule-steinbach.at\/#organization\",\"name\":\"\u00d6RV HSV STEINBACH\",\"url\":\"https:\/\/hundeschule-steinbach.at\/\",\"logo\":{\"@type\":\"ImageObject\",\"inLanguage\":\"de-AT\",\"@id\":\"https:\/\/hundeschule-steinbach.at\/#\/schema\/logo\/image\/\",\"url\":\"https:\/\/hundeschule-steinbach.at\/wp-content\/uploads\/2024\/04\/cropped-Logo_neu_entwurfV2_Vekt.png\",\"contentUrl\":\"https:\/\/hundeschule-steinbach.at\/wp-content\/uploads\/2024\/04\/cropped-Logo_neu_entwurfV2_Vekt.png\",\"width\":3041,\"height\":719,\"caption\":\"\u00d6RV HSV STEINBACH\"},\"image\":{\"@id\":\"https:\/\/hundeschule-steinbach.at\/#\/schema\/logo\/image\/\"}}]}<\/script>\n<!-- \/ Yoast SEO plugin. -->","yoast_head_json":{"title":"Impressum - \u00d6RV HSV STEINBACH","robots":{"index":"index","follow":"follow","max-snippet":"max-snippet:-1","max-image-preview":"max-image-preview:large","max-video-preview":"max-video-preview:-1"},"canonical":"https:\/\/hundeschule-steinbach.at\/index.php\/impressum\/","og_locale":"de_DE","og_type":"article","og_title":"Impressum - \u00d6RV HSV STEINBACH","og_description":"Vereinsname: \u00d6RV (\u00d6sterr. Rassehundeverein) Hundesportverein Steinbach Standort: Alter Sportplatz3871 Steinbach48\u00b049&#8217;22.6&#8243;N 15\u00b000&#8217;36.5&#8243;E Gesch\u00e4ftsstelle:Iris BozekBudweiser Stra\u00dfe 143943 SchremsVereinsgegenstand HundesportvereinKontaktdaten Tel.: 0665 \/ 672 10 442E-Mail: office@hundeschule-steinbach.atZVR Zahl 1289789021 Copyrights: Alle Rechte vorbehalten. Ausgewiesene Warenzeichen und Markennamen geh\u00f6ren ihren jeweiligen Eigent\u00fcmern. Sollten wir versehentlich gegen irgendwelche Copyrights versto\u00dfen haben, benachrichtigen Sie uns bitte umgehend per mail (office@hundeschule-steinbach.at) Template [&hellip;]","og_url":"https:\/\/hundeschule-steinbach.at\/index.php\/impressum\/","og_site_name":"\u00d6RV HSV STEINBACH","article_modified_time":"2026-03-17T20:34:13+00:00","twitter_card":"summary_large_image","twitter_misc":{"Gesch\u00e4tzte Lesezeit":"4 Minuten"},"schema":{"@context":"https:\/\/schema.org","@graph":[{"@type":"WebPage","@id":"https:\/\/hundeschule-steinbach.at\/index.php\/impressum\/","url":"https:\/\/hundeschule-steinbach.at\/index.php\/impressum\/","name":"Impressum - \u00d6RV HSV STEINBACH","isPartOf":{"@id":"https:\/\/hundeschule-steinbach.at\/#website"},"datePublished":"2024-04-11T08:44:47+00:00","dateModified":"2026-03-17T20:34:13+00:00","breadcrumb":{"@id":"https:\/\/hundeschule-steinbach.at\/index.php\/impressum\/#breadcrumb"},"inLanguage":"de-AT","potentialAction":[{"@type":"ReadAction","target":["https:\/\/hundeschule-steinbach.at\/index.php\/impressum\/"]}]},{"@type":"BreadcrumbList","@id":"https:\/\/hundeschule-steinbach.at\/index.php\/impressum\/#breadcrumb","itemListElement":[{"@type":"ListItem","position":1,"name":"Home","item":"https:\/\/hundeschule-steinbach.at\/"},{"@type":"ListItem","position":2,"name":"Impressum"}]},{"@type":"WebSite","@id":"https:\/\/hundeschule-steinbach.at\/#website","url":"https:\/\/hundeschule-steinbach.at\/","name":"\u00d6RV HSV STEINBACH","description":"Hundeschule Steinbach - Wald4tler-Pfotenakademie","publisher":{"@id":"https:\/\/hundeschule-steinbach.at\/#organization"},"potentialAction":[{"@type":"SearchAction","target":{"@type":"EntryPoint","urlTemplate":"https:\/\/hundeschule-steinbach.at\/?s={search_term_string}"},"query-input":{"@type":"PropertyValueSpecification","valueRequired":true,"valueName":"search_term_string"}}],"inLanguage":"de-AT"},{"@type":"Organization","@id":"https:\/\/hundeschule-steinbach.at\/#organization","name":"\u00d6RV HSV STEINBACH","url":"https:\/\/hundeschule-steinbach.at\/","logo":{"@type":"ImageObject","inLanguage":"de-AT","@id":"https:\/\/hundeschule-steinbach.at\/#\/schema\/logo\/image\/","url":"https:\/\/hundeschule-steinbach.at\/wp-content\/uploads\/2024\/04\/cropped-Logo_neu_entwurfV2_Vekt.png","contentUrl":"https:\/\/hundeschule-steinbach.at\/wp-content\/uploads\/2024\/04\/cropped-Logo_neu_entwurfV2_Vekt.png","width":3041,"height":719,"caption":"\u00d6RV HSV STEINBACH"},"image":{"@id":"https:\/\/hundeschule-steinbach.at\/#\/schema\/logo\/image\/"}}]}},"_links":{"self":[{"href":"https:\/\/hundeschule-steinbach.at\/index.php\/wp-json\/wp\/v2\/pages\/914","targetHints":{"allow":["GET"]}}],"collection":[{"href":"https:\/\/hundeschule-steinbach.at\/index.php\/wp-json\/wp\/v2\/pages"}],"about":[{"href":"https:\/\/hundeschule-steinbach.at\/index.php\/wp-json\/wp\/v2\/types\/page"}],"author":[{"embeddable":true,"href":"https:\/\/hundeschule-steinbach.at\/index.php\/wp-json\/wp\/v2\/users\/1"}],"replies":[{"embeddable":true,"href":"https:\/\/hundeschule-steinbach.at\/index.php\/wp-json\/wp\/v2\/comments?post=914"}],"version-history":[{"count":3,"href":"https:\/\/hundeschule-steinbach.at\/index.php\/wp-json\/wp\/v2\/pages\/914\/revisions"}],"predecessor-version":[{"id":111649,"href":"https:\/\/hundeschule-steinbach.at\/index.php\/wp-json\/wp\/v2\/pages\/914\/revisions\/111649"}],"wp:attachment":[{"href":"https:\/\/hundeschule-steinbach.at\/index.php\/wp-json\/wp\/v2\/media?parent=914"}],"curies":[{"name":"wp","href":"https:\/\/api.w.org\/{rel}","templated":true}]}}